{"id":489,"date":"2024-06-11T09:35:16","date_gmt":"2024-06-11T09:35:16","guid":{"rendered":"https:\/\/cflex.pixels2pixels.com\/?page_id=489"},"modified":"2025-02-06T10:53:15","modified_gmt":"2025-02-06T10:53:15","slug":"kontakt","status":"publish","type":"page","link":"https:\/\/mblight.rs\/index.php\/kontakt\/","title":{"rendered":"Kontakt"},"content":{"rendered":"\t\t<div data-elementor-type=\"wp-page\" data-elementor-id=\"489\" class=\"elementor elementor-489\" data-elementor-post-type=\"page\">\n\t\t\t\t<div class=\"elementor-element elementor-element-21c6354 e-con-full e-flex e-con e-parent\" data-id=\"21c6354\" data-element_type=\"container\" data-e-type=\"container\" data-settings=\"{&quot;background_background&quot;:&quot;classic&quot;}\">\n\t\t<div class=\"elementor-element elementor-element-1e4d5ba e-con-full e-flex e-con e-child\" data-id=\"1e4d5ba\" data-element_type=\"container\" data-e-type=\"container\">\n\t\t\t\t<div class=\"elementor-element elementor-element-dee0efc elementor-widget__width-initial elementor-widget elementor-widget-heading\" data-id=\"dee0efc\" data-element_type=\"widget\" data-e-type=\"widget\" data-widget_type=\"heading.default\">\n\t\t\t\t<div class=\"elementor-widget-container\">\n\t\t\t\t\t<h2 class=\"elementor-heading-title elementor-size-default\">Kontakt<\/h2>\t\t\t\t<\/div>\n\t\t\t\t<\/div>\n\t\t\t\t<\/div>\n\t\t\t\t<\/div>\n\t\t<div class=\"elementor-element elementor-element-1e07a91 e-flex e-con-boxed e-con e-parent\" data-id=\"1e07a91\" data-element_type=\"container\" data-e-type=\"container\">\n\t\t\t\t\t<div class=\"e-con-inner\">\n\t\t\t\t<div class=\"elementor-element elementor-element-54c9112 elementor-widget elementor-widget-heading\" data-id=\"54c9112\" data-element_type=\"widget\" data-e-type=\"widget\" data-widget_type=\"heading.default\">\n\t\t\t\t<div class=\"elementor-widget-container\">\n\t\t\t\t\t<h2 class=\"elementor-heading-title elementor-size-default\">KONTAKTIRAJTE NAS<\/h2>\t\t\t\t<\/div>\n\t\t\t\t<\/div>\n\t\t\t\t<div class=\"elementor-element elementor-element-e71cda8 elementor-widget__width-initial elementor-widget elementor-widget-text-editor\" data-id=\"e71cda8\" data-element_type=\"widget\" data-e-type=\"widget\" data-widget_type=\"text-editor.default\">\n\t\t\t\t<div class=\"elementor-widget-container\">\n\t\t\t\t\t\t\t\t\t<div class=\"sp\"><div class=\"inspectLayerContent block inspectRow\"><div class=\"content\">Kako bismo bili precizni sa svim informacijama koje Vam pru\u017eamo u vezi svetle\u0107ih i nesvetle\u0107ih reklama iz na\u0161e ponude, molimo Vas da nas kontaktirate putem telefona, kontakt forme ili email adrese i da nam ka\u017eete ili napi\u0161ete kratak opis reklame koja Vam je potrebna, veli\u010dina, oblik, boja, vrsta, broj reklama.<\/div><\/div><\/div>\t\t\t\t\t\t\t\t<\/div>\n\t\t\t\t<\/div>\n\t\t\t\t\t<\/div>\n\t\t\t\t<\/div>\n\t\t<div class=\"elementor-element elementor-element-a147276 e-grid e-con-boxed e-con e-parent\" data-id=\"a147276\" data-element_type=\"container\" data-e-type=\"container\" data-settings=\"{&quot;background_background&quot;:&quot;classic&quot;}\">\n\t\t\t\t\t<div class=\"e-con-inner\">\n\t\t<div class=\"elementor-element elementor-element-8662401 e-flex e-con-boxed e-con e-child\" data-id=\"8662401\" data-element_type=\"container\" data-e-type=\"container\">\n\t\t\t\t\t<div class=\"e-con-inner\">\n\t\t\t\t<div class=\"elementor-element elementor-element-420a943 elementor-widget__width-initial elementor-widget elementor-widget-image\" data-id=\"420a943\" data-element_type=\"widget\" data-e-type=\"widget\" data-widget_type=\"image.default\">\n\t\t\t\t<div class=\"elementor-widget-container\">\n\t\t\t\t\t\t\t\t\t\t\t\t\t\t\t<img fetchpriority=\"high\" decoding=\"async\" width=\"254\" height=\"254\" src=\"https:\/\/mblight.rs\/wp-content\/uploads\/2024\/06\/mapicon.png\" class=\"attachment-large size-large wp-image-503\" alt=\"\" srcset=\"https:\/\/mblight.rs\/wp-content\/uploads\/2024\/06\/mapicon.png 254w, https:\/\/mblight.rs\/wp-content\/uploads\/2024\/06\/mapicon-150x150.png 150w, https:\/\/mblight.rs\/wp-content\/uploads\/2024\/06\/mapicon-241x241.png 241w, https:\/\/mblight.rs\/wp-content\/uploads\/2024\/06\/mapicon-100x100.png 100w\" sizes=\"(max-width: 254px) 100vw, 254px\" \/>\t\t\t\t\t\t\t\t\t\t\t\t\t\t\t<\/div>\n\t\t\t\t<\/div>\n\t\t\t\t<div class=\"elementor-element elementor-element-7abb774 elementor-widget elementor-widget-heading\" data-id=\"7abb774\" data-element_type=\"widget\" data-e-type=\"widget\" data-widget_type=\"heading.default\">\n\t\t\t\t<div class=\"elementor-widget-container\">\n\t\t\t\t\t<h2 class=\"elementor-heading-title elementor-size-default\">Posetite nas na adresi: Stojana Jankovi\u0107a 3, 15216, Mi\u0161ar<\/h2>\t\t\t\t<\/div>\n\t\t\t\t<\/div>\n\t\t\t\t\t<\/div>\n\t\t\t\t<\/div>\n\t\t<div class=\"elementor-element elementor-element-73dbb92 e-flex e-con-boxed e-con e-child\" data-id=\"73dbb92\" data-element_type=\"container\" data-e-type=\"container\">\n\t\t\t\t\t<div class=\"e-con-inner\">\n\t\t\t\t<div class=\"elementor-element elementor-element-5e6d095 elementor-widget__width-initial elementor-widget elementor-widget-image\" data-id=\"5e6d095\" data-element_type=\"widget\" data-e-type=\"widget\" data-widget_type=\"image.default\">\n\t\t\t\t<div class=\"elementor-widget-container\">\n\t\t\t\t\t\t\t\t\t\t\t\t\t\t\t<img decoding=\"async\" width=\"322\" height=\"324\" src=\"https:\/\/mblight.rs\/wp-content\/uploads\/2024\/06\/emailicon.png\" class=\"attachment-large size-large wp-image-504\" alt=\"\" srcset=\"https:\/\/mblight.rs\/wp-content\/uploads\/2024\/06\/emailicon.png 322w, https:\/\/mblight.rs\/wp-content\/uploads\/2024\/06\/emailicon-298x300.png 298w, https:\/\/mblight.rs\/wp-content\/uploads\/2024\/06\/emailicon-150x150.png 150w, https:\/\/mblight.rs\/wp-content\/uploads\/2024\/06\/emailicon-241x241.png 241w, https:\/\/mblight.rs\/wp-content\/uploads\/2024\/06\/emailicon-100x100.png 100w\" sizes=\"(max-width: 322px) 100vw, 322px\" \/>\t\t\t\t\t\t\t\t\t\t\t\t\t\t\t<\/div>\n\t\t\t\t<\/div>\n\t\t\t\t<div class=\"elementor-element elementor-element-0cfc35e elementor-widget elementor-widget-heading\" data-id=\"0cfc35e\" data-element_type=\"widget\" data-e-type=\"widget\" data-widget_type=\"heading.default\">\n\t\t\t\t<div class=\"elementor-widget-container\">\n\t\t\t\t\t<h2 class=\"elementor-heading-title elementor-size-default\">Po\u0161aljite nam email na:\ninfo@mblight.rs<\/h2>\t\t\t\t<\/div>\n\t\t\t\t<\/div>\n\t\t\t\t\t<\/div>\n\t\t\t\t<\/div>\n\t\t<div class=\"elementor-element elementor-element-a46ebc7 e-flex e-con-boxed e-con e-child\" data-id=\"a46ebc7\" data-element_type=\"container\" data-e-type=\"container\">\n\t\t\t\t\t<div class=\"e-con-inner\">\n\t\t\t\t<div class=\"elementor-element elementor-element-cc004af elementor-widget__width-initial elementor-widget elementor-widget-image\" data-id=\"cc004af\" data-element_type=\"widget\" data-e-type=\"widget\" data-widget_type=\"image.default\">\n\t\t\t\t<div class=\"elementor-widget-container\">\n\t\t\t\t\t\t\t\t\t\t\t\t\t\t\t<img decoding=\"async\" width=\"254\" height=\"254\" src=\"https:\/\/mblight.rs\/wp-content\/uploads\/2024\/06\/phoneicon.png\" class=\"attachment-large size-large wp-image-505\" alt=\"\" srcset=\"https:\/\/mblight.rs\/wp-content\/uploads\/2024\/06\/phoneicon.png 254w, https:\/\/mblight.rs\/wp-content\/uploads\/2024\/06\/phoneicon-150x150.png 150w, https:\/\/mblight.rs\/wp-content\/uploads\/2024\/06\/phoneicon-241x241.png 241w, https:\/\/mblight.rs\/wp-content\/uploads\/2024\/06\/phoneicon-100x100.png 100w\" sizes=\"(max-width: 254px) 100vw, 254px\" \/>\t\t\t\t\t\t\t\t\t\t\t\t\t\t\t<\/div>\n\t\t\t\t<\/div>\n\t\t<div class=\"elementor-element elementor-element-14706f5 e-con-full e-flex e-con e-child\" data-id=\"14706f5\" data-element_type=\"container\" data-e-type=\"container\">\n\t\t\t\t<div class=\"elementor-element elementor-element-76b8f80 elementor-widget elementor-widget-heading\" data-id=\"76b8f80\" data-element_type=\"widget\" data-e-type=\"widget\" data-widget_type=\"heading.default\">\n\t\t\t\t<div class=\"elementor-widget-container\">\n\t\t\t\t\t<h2 class=\"elementor-heading-title elementor-size-default\">Pozovite nas na broj:\n\n<\/h2>\t\t\t\t<\/div>\n\t\t\t\t<\/div>\n\t\t\t\t<div class=\"elementor-element elementor-element-fe911df elementor-widget elementor-widget-heading\" data-id=\"fe911df\" data-element_type=\"widget\" data-e-type=\"widget\" data-widget_type=\"heading.default\">\n\t\t\t\t<div class=\"elementor-widget-container\">\n\t\t\t\t\t<h2 class=\"elementor-heading-title elementor-size-default\"><a href=\"tel:%20+381611918505\">\n +381 61 191 85 05\n<\/a><\/h2>\t\t\t\t<\/div>\n\t\t\t\t<\/div>\n\t\t\t\t<div class=\"elementor-element elementor-element-67944bd elementor-widget elementor-widget-heading\" data-id=\"67944bd\" data-element_type=\"widget\" data-e-type=\"widget\" data-widget_type=\"heading.default\">\n\t\t\t\t<div class=\"elementor-widget-container\">\n\t\t\t\t\t<h2 class=\"elementor-heading-title elementor-size-default\"><a href=\"tel:+381157106995\">+381 15 710 6995\n<\/a><\/h2>\t\t\t\t<\/div>\n\t\t\t\t<\/div>\n\t\t\t\t<\/div>\n\t\t\t\t\t<\/div>\n\t\t\t\t<\/div>\n\t\t\t\t\t<\/div>\n\t\t\t\t<\/div>\n\t\t<div class=\"elementor-element elementor-element-3bfa3b0 e-flex e-con-boxed e-con e-parent\" data-id=\"3bfa3b0\" data-element_type=\"container\" data-e-type=\"container\" data-settings=\"{&quot;background_background&quot;:&quot;classic&quot;}\">\n\t\t\t\t\t<div class=\"e-con-inner\">\n\t\t<div class=\"elementor-element elementor-element-98b7b5c e-con-full e-flex e-con e-child\" data-id=\"98b7b5c\" data-element_type=\"container\" data-e-type=\"container\">\n\t\t\t\t<div class=\"elementor-element elementor-element-066492f elementor-button-align-center elementor-widget elementor-widget-form\" data-id=\"066492f\" data-element_type=\"widget\" data-e-type=\"widget\" data-settings=\"{&quot;step_next_label&quot;:&quot;Next&quot;,&quot;step_previous_label&quot;:&quot;Previous&quot;,&quot;step_type&quot;:&quot;number_text&quot;,&quot;step_icon_shape&quot;:&quot;circle&quot;}\" data-widget_type=\"form.default\">\n\t\t\t\t<div class=\"elementor-widget-container\">\n\t\t\t\t\t\t\t<form class=\"elementor-form\" method=\"post\" name=\"New Form\" aria-label=\"New Form\">\n\t\t\t<input type=\"hidden\" name=\"post_id\" value=\"489\"\/>\n\t\t\t<input type=\"hidden\" name=\"form_id\" value=\"066492f\"\/>\n\t\t\t<input type=\"hidden\" name=\"referer_title\" value=\"Kontakt\" \/>\n\n\t\t\t\t\t\t\t<input type=\"hidden\" name=\"queried_id\" value=\"489\"\/>\n\t\t\t\n\t\t\t<div class=\"elementor-form-fields-wrapper elementor-labels-above\">\n\t\t\t\t\t\t\t\t<div class=\"elementor-field-type-text elementor-field-group elementor-column elementor-field-group-name elementor-col-50 elementor-field-required\">\n\t\t\t\t\t\t\t\t\t\t\t\t\t<input size=\"1\" type=\"text\" name=\"form_fields[name]\" id=\"form-field-name\" class=\"elementor-field elementor-size-sm  elementor-field-textual\" placeholder=\"Ime*\" required=\"required\">\n\t\t\t\t\t\t\t\t\t\t\t<\/div>\n\t\t\t\t\t\t\t\t<div class=\"elementor-field-type-text elementor-field-group elementor-column elementor-field-group-email elementor-col-50 elementor-field-required\">\n\t\t\t\t\t\t\t\t\t\t\t\t\t<input size=\"1\" type=\"text\" name=\"form_fields[email]\" id=\"form-field-email\" class=\"elementor-field elementor-size-sm  elementor-field-textual\" placeholder=\"Prezime*\" required=\"required\">\n\t\t\t\t\t\t\t\t\t\t\t<\/div>\n\t\t\t\t\t\t\t\t<div class=\"elementor-field-type-text elementor-field-group elementor-column elementor-field-group-field_931fd2e elementor-col-50 elementor-field-required\">\n\t\t\t\t\t\t\t\t\t\t\t\t\t<input size=\"1\" type=\"text\" name=\"form_fields[field_931fd2e]\" id=\"form-field-field_931fd2e\" class=\"elementor-field elementor-size-sm  elementor-field-textual\" placeholder=\"Naslov*\" required=\"required\">\n\t\t\t\t\t\t\t\t\t\t\t<\/div>\n\t\t\t\t\t\t\t\t<div class=\"elementor-field-type-email elementor-field-group elementor-column elementor-field-group-field_8ea27c4 elementor-col-50 elementor-field-required\">\n\t\t\t\t\t\t\t\t\t\t\t\t\t<input size=\"1\" type=\"email\" name=\"form_fields[field_8ea27c4]\" id=\"form-field-field_8ea27c4\" class=\"elementor-field elementor-size-sm  elementor-field-textual\" placeholder=\"Email*\" required=\"required\">\n\t\t\t\t\t\t\t\t\t\t\t<\/div>\n\t\t\t\t\t\t\t\t<div class=\"elementor-field-type-text elementor-field-group elementor-column elementor-field-group-field_66a8e10 elementor-col-50\">\n\t\t\t\t\t\t\t\t\t\t\t\t\t<input size=\"1\" type=\"text\" name=\"form_fields[field_66a8e10]\" id=\"form-field-field_66a8e10\" class=\"elementor-field elementor-size-sm  elementor-field-textual\" placeholder=\"Telefon\">\n\t\t\t\t\t\t\t\t\t\t\t<\/div>\n\t\t\t\t\t\t\t\t<div class=\"elementor-field-type-textarea elementor-field-group elementor-column elementor-field-group-message elementor-col-100 elementor-field-required\">\n\t\t\t\t\t<textarea class=\"elementor-field-textual elementor-field  elementor-size-sm\" name=\"form_fields[message]\" id=\"form-field-message\" rows=\"7\" placeholder=\"Poruka*\" required=\"required\"><\/textarea>\t\t\t\t<\/div>\n\t\t\t\t\t\t\t\t<div class=\"elementor-field-type-text\">\n\t\t\t\t\t<input size=\"1\" type=\"text\" name=\"form_fields[field_e9695b4]\" id=\"form-field-field_e9695b4\" class=\"elementor-field elementor-size-sm \" style=\"display:none !important;\">\t\t\t\t<\/div>\n\t\t\t\t\t\t\t\t<div class=\"elementor-field-group elementor-column elementor-field-type-submit elementor-col-100 e-form__buttons\">\n\t\t\t\t\t<button class=\"elementor-button elementor-size-sm\" type=\"submit\">\n\t\t\t\t\t\t<span class=\"elementor-button-content-wrapper\">\n\t\t\t\t\t\t\t\t\t\t\t\t\t\t\t\t\t\t\t\t\t\t<span class=\"elementor-button-text\">Po\u0161alji upit<\/span>\n\t\t\t\t\t\t\t\t\t\t\t\t\t<\/span>\n\t\t\t\t\t<\/button>\n\t\t\t\t<\/div>\n\t\t\t<\/div>\n\t\t<\/form>\n\t\t\t\t\t\t<\/div>\n\t\t\t\t<\/div>\n\t\t\t\t<\/div>\n\t\t<div class=\"elementor-element elementor-element-406d35c e-con-full e-flex e-con e-child\" data-id=\"406d35c\" data-element_type=\"container\" data-e-type=\"container\">\n\t\t\t\t<div class=\"elementor-element elementor-element-469fdf3 elementor-widget__width-initial elementor-widget elementor-widget-image\" data-id=\"469fdf3\" data-element_type=\"widget\" data-e-type=\"widget\" data-widget_type=\"image.default\">\n\t\t\t\t<div class=\"elementor-widget-container\">\n\t\t\t\t\t\t\t\t\t\t\t\t\t\t\t<img loading=\"lazy\" decoding=\"async\" width=\"800\" height=\"462\" src=\"https:\/\/mblight.rs\/wp-content\/uploads\/2025\/01\/mb_logo_black01-1024x591.png\" class=\"attachment-large size-large wp-image-1013\" alt=\"\" srcset=\"https:\/\/mblight.rs\/wp-content\/uploads\/2025\/01\/mb_logo_black01-1024x591.png 1024w, https:\/\/mblight.rs\/wp-content\/uploads\/2025\/01\/mb_logo_black01-300x173.png 300w, https:\/\/mblight.rs\/wp-content\/uploads\/2025\/01\/mb_logo_black01-768x443.png 768w, https:\/\/mblight.rs\/wp-content\/uploads\/2025\/01\/mb_logo_black01-1536x886.png 1536w, https:\/\/mblight.rs\/wp-content\/uploads\/2025\/01\/mb_logo_black01-600x346.png 600w, https:\/\/mblight.rs\/wp-content\/uploads\/2025\/01\/mb_logo_black01.png 1760w\" sizes=\"(max-width: 800px) 100vw, 800px\" \/>\t\t\t\t\t\t\t\t\t\t\t\t\t\t\t<\/div>\n\t\t\t\t<\/div>\n\t\t\t\t<\/div>\n\t\t\t\t\t<\/div>\n\t\t\t\t<\/div>\n\t\t<div class=\"elementor-element elementor-element-7fa07cc e-flex e-con-boxed e-con e-parent\" data-id=\"7fa07cc\" data-element_type=\"container\" data-e-type=\"container\">\n\t\t\t\t\t<div class=\"e-con-inner\">\n\t\t\t\t<div class=\"elementor-element elementor-element-e78a3db elementor-widget elementor-widget-google_maps\" data-id=\"e78a3db\" data-element_type=\"widget\" data-e-type=\"widget\" data-widget_type=\"google_maps.default\">\n\t\t\t\t<div class=\"elementor-widget-container\">\n\t\t\t\t\t\t\t<div class=\"elementor-custom-embed\">\n\t\t\t<iframe loading=\"lazy\"\n\t\t\t\t\tsrc=\"https:\/\/maps.google.com\/maps?q=Stojana%20Jankovi%C4%87a%203%20Misar&#038;t=m&#038;z=10&#038;output=embed&#038;iwloc=near\"\n\t\t\t\t\ttitle=\"Stojana Jankovi\u0107a 3 Misar\"\n\t\t\t\t\taria-label=\"Stojana Jankovi\u0107a 3 Misar\"\n\t\t\t><\/iframe>\n\t\t<\/div>\n\t\t\t\t\t\t<\/div>\n\t\t\t\t<\/div>\n\t\t\t\t\t<\/div>\n\t\t\t\t<\/div>\n\t\t\t\t<\/div>\n\t\t","protected":false},"excerpt":{"rendered":"<p>Kontakt KONTAKTIRAJTE NAS Kako bismo bili precizni sa svim informacijama koje Vam pru\u017eamo u vezi svetle\u0107ih i nesvetle\u0107ih reklama iz na\u0161e ponude, molimo Vas da nas kontaktirate putem telefona, kontakt forme ili email adrese i da nam ka\u017eete ili napi\u0161ete kratak opis reklame koja Vam je potrebna, veli\u010dina, oblik, boja, vrsta, broj reklama. Posetite nas [&hellip;]<\/p>\n","protected":false},"author":1,"featured_media":0,"parent":0,"menu_order":0,"comment_status":"closed","ping_status":"closed","template":"","meta":{"footnotes":""},"class_list":["post-489","page","type-page","status-publish","hentry"],"_links":{"self":[{"href":"https:\/\/mblight.rs\/index.php\/wp-json\/wp\/v2\/pages\/489","targetHints":{"allow":["GET"]}}],"collection":[{"href":"https:\/\/mblight.rs\/index.php\/wp-json\/wp\/v2\/pages"}],"about":[{"href":"https:\/\/mblight.rs\/index.php\/wp-json\/wp\/v2\/types\/page"}],"author":[{"embeddable":true,"href":"https:\/\/mblight.rs\/index.php\/wp-json\/wp\/v2\/users\/1"}],"replies":[{"embeddable":true,"href":"https:\/\/mblight.rs\/index.php\/wp-json\/wp\/v2\/comments?post=489"}],"version-history":[{"count":124,"href":"https:\/\/mblight.rs\/index.php\/wp-json\/wp\/v2\/pages\/489\/revisions"}],"predecessor-version":[{"id":1335,"href":"https:\/\/mblight.rs\/index.php\/wp-json\/wp\/v2\/pages\/489\/revisions\/1335"}],"wp:attachment":[{"href":"https:\/\/mblight.rs\/index.php\/wp-json\/wp\/v2\/media?parent=489"}],"curies":[{"name":"wp","href":"https:\/\/api.w.org\/{rel}","templated":true}]}}